{"id":3,"date":"2020-03-07T08:30:23","date_gmt":"2020-03-07T08:30:23","guid":{"rendered":"http:\/\/www.du-bist-ok.at\/?page_id=3"},"modified":"2020-07-07T10:32:12","modified_gmt":"2020-07-07T10:32:12","slug":"privacy-policy","status":"publish","type":"page","link":"https:\/\/www.du-bist-ok.at\/?page_id=3","title":{"rendered":"Impressum &#038; Datenschutz"},"content":{"rendered":"\n<h2>Impressum<\/h2>\n\n\n\n<p>Mag. Elfriede Kogler<\/p>\n\n\n\n<p>Alpenstra\u00dfe 54, 5020 Salzburg<\/p>\n\n\n\n<p>Tel.: <a href=\"tel:+43 677 636 227 66\">+43 677 636 227 66<\/a><\/p>\n\n\n\n<p>anfrage@du-bist-ok.at<\/p>\n\n\n\n<p><\/p>\n\n\n\n<p><strong>DATENSCHUTZ<\/strong><\/p>\n\n\n\n<p>Ich, Elfriede Kogler, nehme den Schutz Ihrer pers\u00f6nlichen Daten sehr ernst und halte mich strikt an die Regeln der Datenschutzgesetze. Im Rahmen der Registrierung bitte ich Sie um Angaben zu Ihrer Person. Es unterliegt Ihrer freien Entscheidung, ob Sie diese Angaben machen. Diese Daten speichere ich auf besonders gesch\u00fctzten Servern in \u00d6sterreich.<\/p>\n\n\n\n<p>Bitte lesen Sie diese Erkl\u00e4rung sorgf\u00e4ltig vor Verwendung der Website, da hier erl\u00e4utert wird, wie wir personenbezogene Daten sammeln, verarbeiten bzw. speichern. Jeder Zugriff auf unsere Internetseite und jeder Abruf einer auf dieser Website hinterlegten Datei werden protokolliert. Die Speicherung dient internen systembezogenen und statistischen Zwecken. Protokolliert werden: Name der abgerufenen Datei, Datum, Uhrzeit des Abrufs, \u00fcbertragene Datenmenge, Meldung \u00fcber erfolgreichen Abruf, Webbrowser, anfragende Domain, IP Adresse des anfragenden Computers, und Suchw\u00f6rter.<\/p>\n\n\n\n<p>Personenbezogene Daten wie die IP Adresse, Browser oder Betriebssystem k\u00f6nnen zu marketingtechnischen Zwecken erhoben und ausgewertet werden.<\/p>\n\n\n\n<p>Die nachfolgende Erkl\u00e4rung gibt Ihnen einen \u00dcberblick dar\u00fcber, wie wir diesen Schutz gew\u00e4hrleisten und welche Art von Daten zu welchem Zweck erhoben werden.<\/p>\n\n\n\n<p><strong>DATENVERARBEITUNG AUF DIESER INTERNETSEITE<\/strong><\/p>\n\n\n\n<p>Die Website erhebt und speichert automatisch in ihren Server Log Files Informationen, die Ihr Browser an uns \u00fcbermittelt. Dies sind:<\/p>\n\n\n\n<p>Browsertyp\/ -version<br>verwendetes Betriebssystem<br>Referrer URL (die zuvor besuchte Seite)<br>Hostname des zugreifenden Rechners (IP-Adresse)<br>Uhrzeit der Serveranfrage.<\/p>\n\n\n\n<p>Wir verarbeiten und speichern s\u00e4mtliche personenbezogenen Daten, die Sie uns im Rahmen von E-Mail-Anfragen \u00fcbermitteln (z.B. Name, Adresse, E-Mail-Adresse, Telefonnummer, etc.) zur Durchf\u00fchrung der von Ihnen gew\u00fcnschten Kontaktaufnahme sowie zur weiteren Pflege von Kundenbeziehungen. Diese Daten<br>werden bis auf Ihren schriftlichen Antrag zur L\u00f6schung bei uns gespeichert. Weitergehende personenbezogene Daten werden nur dann erfasst, wenn Sie Angaben freiwillig, im Rahmen einer Anfrage oder Registrierung oder zum Abschluss eines Vertrages oder \u00fcber die Einstellungen ihres Browsers t\u00e4tigen. Sollten wir Daten an externe Dienstleister weitergeben, so werden technische und organisatorische Ma\u00dfnahmen ergriffen, die gew\u00e4hrleisten, dass die Weitergabe im Einklang mit den ge-<br>setzlichen Bestimmungen des Datenschutzes erfolgt. Die Datenverarbeitung erfolgt auf Basis der gesetzlichen Bestimmungen von \u00a78 DSG, \u00a796 TKG.<\/p>\n\n\n\n<p>Sie haben jederzeit die M\u00f6glichkeit, Auskunft \u00fcber die zu Ihrer Person gespeicherten Daten, \u00fcber die Herkunft der Daten, die Empf\u00e4nger und \u00fcber den Zweck der Speicherung dieser Daten zu verlangen. Dar\u00fcber hinaus haben Sie nach Ma\u00dfgabe der gesetzlichen Bestimmungen ein Recht auf Berichtigung,<br>Sperrung bzw. L\u00f6schung Ihrer Daten. Kontaktieren Sie uns dazu an der Adresse: anfrage@du-bist-ok.at<\/p>\n\n\n\n<p>Diese Datenschutzrichtlinie gilt ab 1.1.2018. Alle zuk\u00fcnftigen \u00c4nderungen unserer Datenschutzrichtlinie werden auf dieser Website bekannt gegeben. Sie sollten diese daher regelm\u00e4\u00dfig auf Neuerungen oder \u00c4nderungen \u00fcberpr\u00fcfen. Wenn Sie Fragen, Anmerkungen oder sonstige Anfragen bez\u00fcglich dieser Datenschutzrichtlinie haben, kontaktieren Sie uns an der im Impressum angef\u00fchrten Adresse: anfrage@du-bist-ok.at<\/p>\n\n\n\n<p>Im Rahmen von Eingabeformularen werden IP-Adresse, Name, Adresse und E-Mail-Adresse zur Durchf\u00fchrung der Kontaktaufnahme, sowie zur weiteren Pflege von Kundenbeziehungen erhoben. Sofern Sie \u00fcber ein entsprechendes Formular der Zusendung eines Newsletters zugestimmt haben, werten wir zur Optimierung unseres Angebots empf\u00e4ngerbezogen aus, welche Inhalte des Newsletters besonders interessant sind. Sie k\u00f6nnen Ihre Einwilligung in den Erhalt des Newsletters jederzeit widerrufen, indem Sie sich auf unserer Website aus dem Newsletter austragen. Den Link zur Abmeldeseite finden Sie in jedem Newsletter. S\u00e4mtliche \u00fcber die entsprechenden Formulare erhobenen Daten werden bis auf Ihren schriftlichen Antrag zur L\u00f6schung bei uns gespeichert.<\/p>\n\n\n\n<p><strong>COOKIES<\/strong><\/p>\n\n\n\n<p>Die Internetseiten verwenden an mehreren Stellen so genannte Cookies. Sie dienen dazu, unser Angebot nutzerfreundlicher, effektiver und sicherer zu machen. Cookies sind kleine Textdateien, die auf Ihrem Rechner abgelegt werden und die Ihr Browser speichert. Die meisten der von uns verwendeten Cookies sind so genannte \u201eSession-Cookies\u201c. Sie werden nach Ende Ihres Besuchs automatisch gel\u00f6scht. Cookies richten auf Ihrem Rechner keinen Schaden an und enthalten keine Viren.<\/p>\n\n\n\n<p>Bei einem so genannten \u201eBrowser-Cookie\u201c handelt es sich um eine kleine Textdatei, die ein Webserver zu Ihrem Browser sendet, wenn Sie eine Website besuchen. Cookies stellen grunds\u00e4tzlich keine Gefahr f\u00fcr Ihren Rechner dar, da es sich nur um Textbausteine und nicht um ausf\u00fchrbare Programme handelt.<\/p>\n\n\n\n<p>Wir verwenden Cookies um Vorlieben unserer Webseitenbesucher zu erkennen und unsere Seiten optimal zu gestalten.&nbsp;&nbsp;Unsere Cookies werden sp\u00e4testens 365 Tage nach Ihrem Besuch gel\u00f6scht. Durch die Nutzung dieser Website erkl\u00e4ren Sie sich mit der Verwendung der \u00fcber Sie erhobenen Daten einverstanden.<\/p>\n\n\n\n<p>Sie k\u00f6nnen Ihren Browser so einstellen, dass Ihre Einwilligung vor der Verwendung eines Cookies eingeholt werden muss oder die Ablage von Cookies auf ihrem Computer generell verweigert wird.<\/p>\n\n\n\n<p>Sie k\u00f6nnen Cookies l\u00f6schen, indem Sie die Seiteninformationen, die Ihr Browser zur Verf\u00fcgung stellt, einsehen und angezeigte Cookies-&nbsp; falls gew\u00fcnscht \u2013 l\u00f6schen.<\/p>\n\n\n\n<p>Wird die Datei gespeichert, kann unser Webserver Ihren Rechner wiedererkennen. Bei sp\u00e4teren Besuchen und bei Wechseln zwischen Funktionen, die von Ihnen eine Passworteingabe erfordern, k\u00f6nnen Sie sich durch den Cookie einige Eingaben ersparen. Dadurch erleichtern Ihnen Cookies die Benutzung von Webseiten, die Benutzereingaben erfordern. Unsere Angebote k\u00f6nnen grunds\u00e4tzlich auch ohne Cookies verwendet werden, jedoch k\u00f6nnen wir eine fehlerfreie Funktion nicht garantieren.<\/p>\n\n\n\n<p><strong>GOOGLE ANALYTICS<\/strong><\/p>\n\n\n\n<p>Diese Website benutzt Google Analytics, einen Webanalysedienst der Google Inc. (\u201eGoogle\u201c) Google Analytics verwendet sog. \u201eCookies\u201c, Textdateien, die auf Ihrem Computer gespeichert werden und die eine Analyse der Benutzung der Website durch Sie erm\u00f6glicht. Die durch den Cookie erzeugten Informationen \u00fcber Ihre Benutzung diese Website (einschlie\u00dflich Ihrer IP-Adresse) wird an einen Server von Google in den USA \u00fcbertragen und dort gespeichert. Google wird diese Informationen benutzen, um Ihre Nutzung der Website auszuwerten, um Reports \u00fcber die Websiteaktivit\u00e4ten f\u00fcr die Websitebetreiber zusammenzustellen und um weitere mit der Websitenutzung und der Internetnutzung verbundene Dienstleistungen zu erbringen. Auch wird Google diese Informationen gegebenenfalls an Dritte \u00fcbertragen, sofern dies gesetzlich vorgeschrieben oder soweit Dritte diese Daten im Auftrag von Google verarbeiten. Google wird in keinem Fall Ihre IP-Adresse mit anderen Daten der Google in Verbindung bringen. Sie k\u00f6nnen die Installation der Cookies durch eine entsprechende Einstellung Ihrer Browser Software verhindern; wir weisen Sie jedoch darauf hin, dass Sie in diesem Fall gegebenenfalls nicht s\u00e4mtliche Funktionen dieser Website voll umf\u00e4nglich nutzen k\u00f6nnen. Durch die Nutzung dieser Website erkl\u00e4ren Sie sich mit der Bearbeitung der \u00fcber Sie erhobenen Daten durch Google in der zuvor beschriebenen Art und Weise und zu dem zuvor benannten Zweck einverstanden.<\/p>\n\n\n\n<p><strong>LINKS<\/strong><\/p>\n\n\n\n<p>Diese Website enth\u00e4lt Links zu anderen Seiten. Bitte beachten Sie, dass Martin Zauner keine Verantwortung f\u00fcr den auf anderen Seiten praktizierten Datenschutz und die dort ver\u00f6ffentlichten Inhalte \u00fcbernimmt.<\/p>\n\n\n\n<p><strong>AUSKUNFTSRECHT<\/strong><\/p>\n\n\n\n<p>Sie haben jederzeit das Recht auf Auskunft \u00fcber die bez\u00fcglich Ihrer Person gespeicherten Daten, deren Herkunft und Empf\u00e4nger sowie den Zweck der Speicherung.<\/p>\n\n\n\n<p><strong>WEITERE INFORMATIONEN<\/strong><\/p>\n\n\n\n<p>Ihr Vertrauen ist uns wichtig. Daher m\u00f6chten wir Ihnen jederzeit Rede und Antwort bez\u00fcglich der Verarbeitung Ihrer personenbezogenen Daten stehen. Wenn Sie Fragen haben, die Ihnen diese Datenschutzerkl\u00e4rung nicht beantworten konnte oder wenn Sie zu einem Punkt vertiefte Informationen w\u00fcnschen, wenden Sie sich bitte jederzeit an&nbsp;<a href=\"mailto:anfrage@du-bist-ok.at\">mich<\/a>.<\/p>\n\n\n\n<p><strong>NUTZUNGSBEDINGUNGEN<\/strong><\/p>\n\n\n\n<p>F\u00fcr den Inhalt verantwortlich zeichnet Elfriede Kogler, welche hier Informationen aus eigenen und fremden Quellen zur Verf\u00fcgung stellt. Die entsprechenden Urheber- und sonstigen Schutzrechte liegen daher gem\u00e4\u00df den inl\u00e4ndischen und EU-rechtlichen Vorschriften bei Elfriede Kogler oder den eigens genannten sonstigen Anbietern.<\/p>\n\n\n\n<p>Die Vervielf\u00e4ltigung von Texten und Daten einschlie\u00dflich der Speicherung und Nutzung auf optischen und elektronischen Datentr\u00e4gern darf nur mit vorheriger schriftlicher Zustimmung erfolgen.<\/p>\n\n\n\n<p>Die Verwendung von Daten inklusive der Einspeisung in Online-Dienste, Datenbanken oder Websites durch unberechtigte Dritte sowie die Ver\u00e4nderung oder Verf\u00e4lschung von Informationen ist untersagt. Der Download sowie der Ausdruck zum pers\u00f6nlichen, nicht kommerziellen Gebrauch ist jedoch gestattet.<\/p>\n\n\n\n<p><\/p>\n\n\n\n<p><\/p>\n\n\n\n<p>Stand: 28.10.2019<\/p>\n\n\n\n<p><\/p>\n\n\n\n<p style=\"font-size:12px\"><a href=\"http:\/\/www.grafitkion.com\" target=\"_blank\" rel=\"noreferrer noopener\">www.grafitkion.com<\/a> &#8211; Copyright \u00a9 2020 OnePress \u2013 OnePress theme by FameThemes<\/p>\n","protected":false},"excerpt":{"rendered":"<p>Impressum Mag. Elfriede Kogler Alpenstra\u00dfe 54, 5020 Salzburg Tel.: +43 677 636 227 66 anfrage@du-bist-ok.at DATENSCHUTZ Ich, Elfriede Kogler, nehme den Schutz Ihrer pers\u00f6nlichen Daten sehr ernst und halte mich strikt an die Regeln der Datenschutzgesetze. Im Rahmen der Registrierung bitte ich Sie um Angaben zu Ihrer Person. Es unterliegt Ihrer freien Entscheidung, ob Sie&hellip; <br \/> <a class=\"button small blue\" href=\"https:\/\/www.du-bist-ok.at\/?page_id=3\">Weiterlesen<\/a><\/p>\n","protected":false},"author":1,"featured_media":0,"parent":0,"menu_order":0,"comment_status":"closed","ping_status":"open","template":"page-templates\/homepage.php","meta":[],"_links":{"self":[{"href":"https:\/\/www.du-bist-ok.at\/index.php?rest_route=\/wp\/v2\/pages\/3"}],"collection":[{"href":"https:\/\/www.du-bist-ok.at\/index.php?rest_route=\/wp\/v2\/pages"}],"about":[{"href":"https:\/\/www.du-bist-ok.at\/index.php?rest_route=\/wp\/v2\/types\/page"}],"author":[{"embeddable":true,"href":"https:\/\/www.du-bist-ok.at\/index.php?rest_route=\/wp\/v2\/users\/1"}],"replies":[{"embeddable":true,"href":"https:\/\/www.du-bist-ok.at\/index.php?rest_route=%2Fwp%2Fv2%2Fcomments&post=3"}],"version-history":[{"count":7,"href":"https:\/\/www.du-bist-ok.at\/index.php?rest_route=\/wp\/v2\/pages\/3\/revisions"}],"predecessor-version":[{"id":341,"href":"https:\/\/www.du-bist-ok.at\/index.php?rest_route=\/wp\/v2\/pages\/3\/revisions\/341"}],"wp:attachment":[{"href":"https:\/\/www.du-bist-ok.at\/index.php?rest_route=%2Fwp%2Fv2%2Fmedia&parent=3"}],"curies":[{"name":"wp","href":"https:\/\/api.w.org\/{rel}","templated":true}]}}