{"id":49,"date":"2020-03-23T11:08:17","date_gmt":"2020-03-23T11:08:17","guid":{"rendered":"http:\/\/www.du-bist-ok.at\/?page_id=49"},"modified":"2023-01-16T08:45:24","modified_gmt":"2023-01-16T08:45:24","slug":"one-page-express","status":"publish","type":"page","link":"https:\/\/www.du-bist-ok.at\/","title":{"rendered":"Front Page"},"content":{"rendered":"<div id=\"home\" class=\"about-big-images-section\" style=\"background-color: #ffffff;\" data-label=\"home\" data-id=\"about-big-images-section\" data-category=\"about\">\n<div class=\"gridContainer\">\n<div class=\"about-big-images-textrow\">\n<div class=\"about-big-images-textcol dynamic-color\" data-type=\"column\"><img class=\"custom-image\" src=\"https:\/\/www.du-bist-ok.at\/wp-content\/uploads\/2020\/05\/WhatsApp-Image-2020-05-28-at-12.48.11-1.jpeg\" \/>\n<h5 class=\"\">\u201eUnd pl\u00f6tzlich wei\u00df man: Es ist Zeit,\u00a0<span style=\"font-size: inherit;\">etwas Neues zu beginnen und dem Zauber des Anfangs zu vertrauen!\u201c<\/span><\/h5>\n<h6 class=\"\">Meister Eckhart<\/h6>\n<div class=\"spacer\" data-type=\"group\"><\/div>\n<h2 class=\"\">Herzlich Willkommen!<\/h2>\n<p class=\"\">Ich freue mich, dass Sie den Weg auf meine Webseite gefunden haben!\nIch m\u00f6chte Ihnen im Folgenden einen kurzen Einblick in meine Arbeitsweise geben.\nSollten Sie Fragen haben oder einen Termin f\u00fcr ein Erstgespr\u00e4ch vereinbaren wollen, k\u00f6nnen Sie mich gerne telefonisch oder via Mail erreichen!<\/p>\n\n<h5 class=\"\">Ich freue mich auf Ihre Nachricht!<\/h5>\n<a class=\"button blue\" href=\"#kontakt\" target=\"_self\" rel=\"noopener noreferrer\">Anfrage senden<\/a>\n\n<\/div>\n<\/div>\n<\/div>\n<div class=\"about-big-images-bottomrow gridContainer\">\n<div class=\"about-big-images-rightimgcol\"><\/div>\n<\/div>\n<\/div>\n<div id=\"psychotherapie\" class=\"features-square-image-section\" style=\"background-color: #f6f6f6;\" data-label=\"Psychotherapie\" data-id=\"features-square-image-section\" data-category=\"features\">\n<div class=\"dynamic-color gridContainer\">\n<div class=\"features-square-image-textrow\">\n<div class=\"features-square-image-textcol\" data-type=\"column\">\n<h2 class=\"\">Psychotherapie<\/h2>\n<\/div>\n<\/div>\n<div class=\"features-square-image-innerrow\" data-type=\"row\">\n<div class=\"features-square-image-featcol cp6cols-tablet cp4cols\"><img class=\"features-square-image-featimg\" src=\"https:\/\/www.du-bist-ok.at\/wp-content\/uploads\/2021\/04\/elfriede_kogler_psychotherapie_salzburg_03.png\" alt=\"\" \/>\n<div class=\"spacer\" data-type=\"group\"><\/div>\n<div class=\"spacer\" data-type=\"group\"><\/div>\n<h4 class=\"\">Mag. Elfriede Kogler<\/h4>\n<div class=\"spacer\" data-type=\"group\"><\/div>\n<div class=\"spacer\" data-type=\"group\"><\/div>\n<h5 class=\"\">Tiefenpsychologische Transaktionsanalyse<\/h5>\n<\/div>\n<div class=\"features-square-image-featcol cp6cols-tablet cp4cols\">\n<p class=\"\">Alles, was uns im Leben widerf\u00e4hrt, hinterl\u00e4sst Spuren in unserer Seele. Manche Spuren bleiben feine Linien an der Oberfl\u00e4che, andere graben sich im Laufe der Zeit immer tiefer ein und k\u00f6nnen sich zu schmerzhaften Wunden entwickeln \u2013 unsere Seele ist verletzt!<\/p>\nVielleicht hat bereits die Kindheit tiefe Spuren hinterlassen oder ein Ereignis im Erwachsenenalter. Manchmal ist es eine Krankheit oder ein sonstiger schleichender Prozess, an dessen Beginn wir uns wom\u00f6glich gar nicht mehr erinnern k\u00f6nnen. Pl\u00f6tzlich verlieren wir unser Gleichgewicht und stellen\nfest, dass unserem Leben der Sinn abhandengekommen ist!\n\nWir stehen dann an einem Punkt in unserem Leben, an dem wir uns die Frage stellen, wann wir aufgeh\u00f6rt haben, uns frei und leicht wie ein Kind zu f\u00fchlen. Als Neugier und Freude noch unsere st\u00e4ndigen Begleiter waren\u2026\n\n<\/div>\n<div class=\"features-square-image-featcol cp6cols-tablet cp4cols\">\n<div class=\"spacer\" data-type=\"group\"><\/div>\n<p class=\"\">Zu diesem Zeitpunkt beginnen viele von uns, ihren bisherigen Weg zu \u00fcberdenken. Wir fangen an zu erkennen, dass sich im Leben etwas \u00e4ndern soll. F\u00fcr diese \u00c4nderung braucht es ein \u00dcberdenken des Alten und das Zulassen von Neuem!<\/p>\n\n<h5 class=\"\">Ich unterst\u00fctze Sie gerne dabei!<\/h5>\n<p class=\"\">Psychotherapie ist ein sich langsam entfaltender Prozess. Therapeut*in und Klient*in begeben sich auf eine gemeinsame Reise, um das vielleicht noch im Verborgenen liegende Potential im Klienten zu finden. Unbekanntes bekannt zu machen, damit das Leben in all seinen Fassetten wieder lebenswert wird!<\/p>\n\n<\/div>\n<\/div>\n<\/div>\n<\/div>\n<div id=\"regen\" class=\"about-images-right-section\" style=\"background-color: #f6f6f6;\" data-label=\"regen\" data-id=\"about-images-right-section\" data-category=\"about\">\n<div class=\"dynamic-color gridContainer\">\n<div class=\"about-images-right-innerrow dynamic-color\">\n<div class=\"about-images-right-textcol\" data-type=\"column\">\n<h5 class=\"\">\u201eIm Leben geht es nicht darum zu warten,\nbis das Unwetter vorbeizieht,\nsondern zu lernen,\u00a0<span style=\"font-size: inherit;\">im Regen zu tanzen!\u201c<\/span><\/h5>\n<h6 class=\"\">Unbekannter Autor<\/h6>\n<div class=\"spacer\" data-type=\"group\"><\/div>\n<\/div>\n<div class=\"about-images-right-imgcol\"><img class=\"about-images-right-topimg\" src=\"https:\/\/www.du-bist-ok.at\/wp-content\/uploads\/2020\/06\/shutterstock_1145698769-scaled.jpg\" \/><img class=\"about-images-right-rightimg\" src=\"https:\/\/www.du-bist-ok.at\/wp-content\/uploads\/2020\/06\/shutterstock_1266765763-1-scaled.jpg\" \/><img class=\"about-images-right-leftimg\" src=\"https:\/\/www.du-bist-ok.at\/wp-content\/uploads\/2020\/05\/shutterstock_1099099553-scaled.jpg\" \/><\/div>\n<\/div>\n<\/div>\n<\/div>\n<div id=\"angebot\" class=\"features-small-image-cards-section\" style=\"background-color: #ffffff;\" data-label=\"Angebot\" data-id=\"features-small-image-cards-section\" data-category=\"features\">\n<div class=\"gridContainer\">\n<div class=\"features-small-image-cards-textrow\">\n<div class=\"features-small-image-cards-textcol dynamic-color\" data-type=\"column\">\n<h2 class=\"\">Mein Angebot<\/h2>\n<h4 class=\"\">Meine Schwerpunkte sind:<\/h4>\n<ul class=\"\">\n \t<li style=\"text-align: left;\">\u00a0Pers\u00f6nlichkeitsentwicklung<\/li>\n \t<li style=\"text-align: left;\">Beziehung \u2013 Partnerschaft \u2013 Ehe<\/li>\n \t<li style=\"text-align: left;\">Angst- und Panikattacken<\/li>\n \t<li style=\"text-align: left;\">Depressionen<\/li>\n \t<li style=\"text-align: left;\">Arbeit und Beruf<\/li>\n \t<li style=\"text-align: left;\">Burnout \/ Burnout-Vorbeugung<\/li>\n \t<li style=\"text-align: left;\">Borderline<\/li>\n \t<li style=\"text-align: left;\">Krise \/ Krisenintervention<\/li>\n \t<li style=\"text-align: left;\">Manisch-depressive Erkrankung (bipolare St\u00f6rung)<\/li>\n \t<li style=\"text-align: left;\">Neurosen<\/li>\n \t<li style=\"text-align: left;\">Mobbing<\/li>\n \t<li style=\"text-align: left;\">Trennung \u2013 Scheidung<\/li>\n \t<li style=\"text-align: left;\">Pers\u00f6nlichkeitsst\u00f6rungen<\/li>\n \t<li style=\"text-align: left;\">Schizophrenie<\/li>\n<\/ul>\n<\/div>\n<\/div>\n<div class=\"features-small-image-cards-featrow dark-text\" data-type=\"row\">\n<div class=\"features-small-image-cards-featcol\">\n<div class=\"features-small-image-cards-featinnerrow flexbox-list\">\n<div class=\"features-small-image-cards-imgcol\" style=\"background-image: url('https:\/\/www.du-bist-ok.at\/wp-content\/uploads\/2020\/05\/elfirede_kogler-scaled.jpg');\" data-bg=\"image\"><\/div>\n<div class=\"features-small-image-cards-featcol-feattextcol\" data-type=\"column\">\n<h5 class=\"\">In meiner Praxis biete ich<\/h5>\n<h5 class=\"\">sowohl Einzel- als auch<\/h5>\n<h5 class=\"\">Paartherapiesitzungen an!<\/h5>\n<\/div>\n<\/div>\n<\/div>\n<div class=\"features-small-image-cards-featcol\">\n<div class=\"features-small-image-cards-featinnerrow flexbox-list\">\n<div class=\"features-small-image-cards-imgcol\" style=\"background-image: url('https:\/\/www.du-bist-ok.at\/wp-content\/uploads\/2020\/05\/shutterstock_657221023-scaled.jpg');\" data-bg=\"image\"><\/div>\n<div class=\"features-small-image-cards-featcol-feattextcol\" data-type=\"column\">\n<h5 class=\"\">Ich freue mich darauf,<\/h5>\n<h5 class=\"\">Sie ein St\u00fcck Ihres Lebens<\/h5>\n<h5 class=\"\">zu begleiten!<\/h5>\n<\/div>\n<\/div>\n<\/div>\n<\/div>\n<\/div>\n<\/div>\n<div id=\"kontakt\" class=\"contact-section-formsection white-text contact-section\" data-label=\"Kontakt\" data-id=\"contact-section\" data-category=\"contact\" data-bg=\"transparent\">\n<div class=\"gridContainer\">\n<div class=\"row_224\">\n<div class=\"contact-textrow\">\n<div class=\"contact-textcol dynamic-color\">\n<h2 class=\"\">Kontakt<\/h2>\n<p class=\"white_text\">Sie\u00a0finden mich<strong>\u00a0<\/strong>in der\u00a0<strong>Alpenstra\u00dfe 54, 5020 Salzburg<\/strong><\/p>\n<p class=\"white_text\">Sie k\u00f6nnen mich jederzeit gerne kontaktieren.\u00a0Per Telefon, E-mail oder nutzen Sie das Kontaktformular:<\/p>\n\n<\/div>\n<\/div>\n<\/div>\n<div class=\"contact-formcol\" data-content-shortcode=\"one_page_express_contact_form shortcode=&quot; [pirate_forms&quot;\" data-editable=\"true\">[\u201c]<\/div>\n<\/div>\n<\/div>","protected":false},"excerpt":{"rendered":"<p>\u201eUnd pl\u00f6tzlich wei\u00df man: Es ist Zeit,\u00a0etwas Neues zu beginnen und dem Zauber des Anfangs zu vertrauen!\u201c Meister Eckhart Herzlich Willkommen! Ich freue mich, dass Sie den Weg auf meine Webseite gefunden haben! Ich m\u00f6chte Ihnen im Folgenden einen kurzen Einblick in meine Arbeitsweise geben. Sollten Sie Fragen haben oder einen Termin f\u00fcr ein Erstgespr\u00e4ch&hellip; <br \/> <a class=\"button small blue\" href=\"https:\/\/www.du-bist-ok.at\/\">Weiterlesen<\/a><\/p>\n","protected":false},"author":1,"featured_media":0,"parent":0,"menu_order":0,"comment_status":"closed","ping_status":"closed","template":"","meta":[],"_links":{"self":[{"href":"https:\/\/www.du-bist-ok.at\/index.php?rest_route=\/wp\/v2\/pages\/49"}],"collection":[{"href":"https:\/\/www.du-bist-ok.at\/index.php?rest_route=\/wp\/v2\/pages"}],"about":[{"href":"https:\/\/www.du-bist-ok.at\/index.php?rest_route=\/wp\/v2\/types\/page"}],"author":[{"embeddable":true,"href":"https:\/\/www.du-bist-ok.at\/index.php?rest_route=\/wp\/v2\/users\/1"}],"replies":[{"embeddable":true,"href":"https:\/\/www.du-bist-ok.at\/index.php?rest_route=%2Fwp%2Fv2%2Fcomments&post=49"}],"version-history":[{"count":85,"href":"https:\/\/www.du-bist-ok.at\/index.php?rest_route=\/wp\/v2\/pages\/49\/revisions"}],"predecessor-version":[{"id":374,"href":"https:\/\/www.du-bist-ok.at\/index.php?rest_route=\/wp\/v2\/pages\/49\/revisions\/374"}],"wp:attachment":[{"href":"https:\/\/www.du-bist-ok.at\/index.php?rest_route=%2Fwp%2Fv2%2Fmedia&parent=49"}],"curies":[{"name":"wp","href":"https:\/\/api.w.org\/{rel}","templated":true}]}}